{"id":294,"date":"2018-03-23T16:33:26","date_gmt":"2018-03-23T16:33:26","guid":{"rendered":"http:\/\/palpilon.wpengine.com\/?page_id=294"},"modified":"2024-04-03T10:07:10","modified_gmt":"2024-04-03T14:07:10","slug":"entrepreneur","status":"publish","type":"page","link":"https:\/\/pal.ca\/en\/entrepreneur\/","title":{"rendered":"Contractor"},"content":{"rendered":"<div class=\"wpb-content-wrapper\">\r\n<div class=\"mk-page-section-wrapper\" data-mk-full-width=\"true\" data-mk-full-width-init=\"true\" data-mk-stretch-content=\"true\">\r\n\t<div id=\"page-section-1\" class=\"mk-page-section self-hosted   full_layout full-width-1 js-el js-master-row jupiter-donut-   page_top_banner page_top_banner_entrepreneur\"    data-intro-effect=\"false\">\r\n\r\n\t\t\t\r\n\t\t\t<div class=\"mk-page-section-inner\">\r\n\t\t\t\t\r\n\r\n\r\n<div class=\"mk-video-color-mask\"><\/div>\r\n\r\n\t\t\t\t\r\n\t\t\t\t\r\n\t\r\n\t<div class=\"background-layer-holder\">\r\n\t\t<div id=\"background-layer--1\" data-mk-lazyload=\"false\" class=\"background-layer mk-background-stretch none-blend-effect js-el\"    data-mk-img-set='{\"landscape\":{\"desktop\":\"https:\/\/pal.ca\/wp-content\/uploads\/2018\/03\/entrepreneur_top_banner.jpg\",\"tablet\":\"https:\/\/pal.ca\/wp-content\/uploads\/2018\/03\/entrepreneur_top_banner-1024x768.jpg\",\"mobile\":\"https:\/\/pal.ca\/wp-content\/uploads\/2018\/03\/entrepreneur_top_banner-736x414.jpg\"},\"responsive\":\"true\"}' >\r\n\t\t\t\t\t\t\t\t\t<div class=\"mk-color-layer\"><\/div>\r\n\t\t<\/div>\r\n\t<\/div>\r\n\r\n\t\t\t<\/div>\r\n\r\n\t\t\t\r\n        <div class=\"page-section-content vc_row-fluid page-section-fullwidth\" >\r\n            <div class=\"mk-padding-wrapper wpb_row\">\r\n<div class=\"vc_col-sm-12 col wpb_column column_container  jupiter-donut- _ jupiter-donut-height-full\">\r\n\t\t<div class=\"vc_custom_1521818119839\">\r\n\r\n<div id=\"text-block-3\" class=\"mk-text-block  jupiter-donut-\">\r\n\r\n\t\r\n\t<div class=\"my-background\"><\/div>\n<div class=\"my-grid\">\n<div class=\"my-title\">\n<h1>Contractor<\/h1>\n<\/div>\n<\/div>\n\r\n\t<div class=\"clearboth\"><\/div>\r\n<\/div>\r\n\r\n\t<\/div>\r\n<\/div>\r\n<\/div>\r\n            <div class=\"clearboth\"><\/div>\r\n        <\/div>\r\n\r\n\r\n\t\t\t\r\n\t\t\t\r\n\t\t\t\r\n\t\t<div class=\"clearboth\"><\/div>\r\n\t<\/div>\r\n<\/div>\r\n<div class=\"vc_row-full-width vc_clearfix\"><\/div>\r\n\r\n\r\n<div class=\"mk-page-section-wrapper\" data-mk-full-width=\"true\" data-mk-full-width-init=\"true\" data-mk-stretch-content=\"true\">\r\n\t<div id=\"page-section-4\" class=\"mk-page-section self-hosted   full_layout full-width-4 js-el js-master-row jupiter-donut-   chez-pilon\"    data-intro-effect=\"false\">\r\n\r\n\t\t\t\r\n\t\t\t<div class=\"mk-page-section-inner\">\r\n\t\t\t\t\r\n\r\n\r\n<div class=\"mk-video-color-mask\"><\/div>\r\n\r\n\t\t\t\t\r\n\t\t\t\t\t\t\t<\/div>\r\n\r\n\t\t\t\r\n        <div class=\"page-section-content vc_row-fluid mk-grid\" >\r\n            <div class=\"mk-padding-wrapper wpb_row\">\r\n<div class=\"vc_col-sm-12 wpb_column column_container  jupiter-donut- _ jupiter-donut-height-full\">\r\n\t\t<div class=\"vc_custom_1711568206188\">\r\n\r\n<div id=\"text-block-6\" class=\"mk-text-block  jupiter-donut-\">\r\n\r\n\t\r\n\t<p class=\"sm-titre\">Pilon Lt\u00e9e<\/p>\n<p class=\"lg-titre translation-block\">An experienced team<br>\ndedicated to entrepreneurs<\/p>\n<p class=\"text\">For over 120 years, we've been proud to collaborate on projects for construction contractors in the region. Our experienced team is available to meet your needs. We understand your day-to-day challenges, and we provide personalized services to help you successfully complete your construction and renovation projects... no matter how big or small!<\/p>\n\r\n\t<div class=\"clearboth\"><\/div>\r\n<\/div>\r\n\r\n\t<\/div>\r\n<\/div>\r\n<\/div>\r\n            <div class=\"clearboth\"><\/div>\r\n        <\/div>\r\n\r\n\r\n\t\t\t\r\n\t\t\t\r\n\t\t\t\r\n\t\t<div class=\"clearboth\"><\/div>\r\n\t<\/div>\r\n<\/div>\r\n<div class=\"vc_row-full-width vc_clearfix\"><\/div>\r\n\r\n\r\n<div class=\"mk-page-section-wrapper\" data-mk-full-width=\"true\" data-mk-full-width-init=\"true\" data-mk-stretch-content=\"true\">\r\n\t<div id=\"page-section-7\" class=\"mk-page-section self-hosted   full_layout full-width-7 js-el js-master-row jupiter-donut-   entrepreneur_nous_offrons\"    data-intro-effect=\"false\">\r\n\r\n\t\t\t\r\n\t\t\t<div class=\"mk-page-section-inner\">\r\n\t\t\t\t\r\n\r\n\r\n<div class=\"mk-video-color-mask\"><\/div>\r\n\r\n\t\t\t\t\r\n\t\t\t\t\t\t\t<\/div>\r\n\r\n\t\t\t\r\n        <div class=\"page-section-content vc_row-fluid mk-grid\" >\r\n            <div class=\"mk-padding-wrapper wpb_row\">\r\n<div class=\"vc_col-sm-12 wpb_column column_container  jupiter-donut- _ jupiter-donut-height-full\">\r\n\t\t<div class=\"vc_custom_1521818459450\">\r\n\r\n<div id=\"text-block-9\" class=\"mk-text-block  jupiter-donut-\">\r\n\r\n\t\r\n\t<h2>We offer you<\/h2>\n<hr \/>\n\r\n\t<div class=\"clearboth\"><\/div>\r\n<\/div>\r\n\r\n\t<\/div>\r\n\n\t<div class=\"wpb_raw_code wpb_raw_html wpb_content_element\" >\n\t\t<div class=\"wpb_wrapper\">\n\t\t\t<div class=\"flex-parent\">\n<div class=\"flex-child\"><img decoding=\"async\" src=\"\/wp-content\/uploads\/2018\/03\/entrepreneur_icon1.png\" \/>\n<h3>Delivery service<br>\n<span class=\"sm-text\">the fastest in the region<\/span><\/h3>\n<\/div>\n<div class=\"flex-child\"><img decoding=\"async\" src=\"\/wp-content\/uploads\/2018\/03\/entrepreneur_icon2.png\" \/>\n<h3><span class=\"sm-text\">the largest inventory of<\/span><br>\nspecialized products<\/h3>\n<\/div>\n<div class=\"flex-child\"><img decoding=\"async\" src=\"\/wp-content\/uploads\/2018\/03\/entrepreneur_icon3.png\" \/>\n<h3>A team dedicated<br>\n<span class=\"sm-text\">exclusively to contractors<\/span><\/h3>\n<\/div>\n<div class=\"flex-child\"><img decoding=\"async\" src=\"\/wp-content\/uploads\/2018\/03\/entrepreneur_icon4.png\" \/>\n<h3>Technical Service<br>\n<span class=\"sm-text\">for floor systems<\/span><\/h3>\n<\/div>\n<div class=\"flex-child\">\n<img decoding=\"async\" src=\"\/wp-content\/uploads\/2018\/03\/entrepreneur_icon5.png\" \/>\n<h3>Estimate<br>\n<span class=\"sm-text\">contact one of our advisers: <br>\n819-771-5841<br>\n<a style=\"border:0\" href:mailto:devis@pal.ca>devis@pal.ca<\/a><\/span><\/h3>\n<\/div>\n<div class=\"flex-child\">\n<img decoding=\"async\" src=\"\/wp-content\/uploads\/2018\/03\/entrepreneur_icon6.png\" \/>\n<h3>Ordering<br>\n<span class=\"sm-text\">by phone or email<\/span><\/h3>\n<\/div>\n<\/div>\n\t\t<\/div>\n\t<\/div>\n\r\n<div id=\"mk-button-10\" class=\"mk-button-container _ jupiter-donut-relative    jupiter-donut-block jupiter-donut-text-center\">\r\n\r\n\t\r\n\t\t<a href=\"\/en\/produits-et-services\/\" target=\"_self\" class=\"mk-button js-smooth-scroll mk-button--dimension-outline mk-button--size-medium mk-button--corner-pointed _ jupiter-donut-relative jupiter-donut-text-center jupiter-donut-font-weight-700 jupiter-donut-no-backface  letter-spacing-1 jupiter-donut-inline-block\"><span class=\"mk-button--text\">AND MUCH MORE<\/span><\/a>\r\n\r\n\t\r\n<\/div>\r\n<\/div>\r\n<\/div>\r\n            <div class=\"clearboth\"><\/div>\r\n        <\/div>\r\n\r\n\r\n\t\t\t\r\n\t\t\t\r\n\t\t\t\r\n\t\t<div class=\"clearboth\"><\/div>\r\n\t<\/div>\r\n<\/div>\r\n<div class=\"vc_row-full-width vc_clearfix\"><\/div>\r\n\r\n\r\n<div  data-mk-stretch-content=\"true\" class=\"wpb_row vc_row vc_row-fluid jupiter-donut- mk-fullwidth-false  attched-false     js-master-row  mk-grid\">\r\n\t\t\t\t\r\n<div class=\"vc_col-sm-12 wpb_column column_container  jupiter-donut- _ jupiter-donut-height-full\">\r\n\t\r\n\r\n\r\n<section id=\"gallery-loop-12\" data-mk-component=\"Masonry\" data-masonry-config='{\"container\":\"#gallery-loop-12\", \"item\":\".js-gallery-item\", \"cols\": \"4\"}' data-query=\"eyJwb3N0X3R5cGUiOiJhdHRhY2htZW50IiwiY291bnQiOi0xLCJwb3N0cyI6IjcwMyw3MDIsNzAxLDY5Nyw2OTYiLCJvcmRlcmJ5IjoiZGF0ZSIsIm9yZGVyIjoiQVNDIn0=\" data-loop-atts=\"eyJzaG9ydGNvZGVfbmFtZSI6Im1rX2dhbGxlcnkiLCJzdHlsZSI6Im1hc29ucnkiLCJtYXNvbnJheV9zdHlsZSI6InN0eWxlMyIsImhvdmVyX3NjZW5hcmlvcyI6ImZhZGVib3giLCJjb2xsZWN0aW9uX3RpdGxlIjoiIiwiZGlzYWJsZV90aXRsZSI6ImZhbHNlIiwiY29sdW1uX2NzcyI6IiIsImZyYW1lX3N0eWxlIjoic2ltcGxlIiwiY3VzdG9tX2xpbmtzIjpbIiJdLCJpbWFnZV9zaXplIjoiY3JvcCIsImhlaWdodCI6IjI4MCIsImNvbHVtbiI6MywiaWQiOjEyLCJsYXp5bG9hZCI6ImZhbHNlIiwiaSI6MH0=\" data-pagination-style=\"1\" data-max-pages=\"0\" data-loop-iterator=\"-1\" class=\"mk-gallery masnory-gallery  jupiter-donut- js-loop js-el jupiter-donut-clearfix mk-gallery-lazyload\">\r\n\r\n            \r\n\r\n<article class=\"mk-gallery-item js-gallery-item hover-fadebox gallery-mansory-small simple-frame hover-title-false\">\r\n    <div class=\"item-holder\">\r\n        \r\n\r\n\r\n    <div class=\"image-hover-overlay\">\r\n            <\/div>\r\n      \r\n    \r\n        <a href=\"https:\/\/pal.ca\/wp-content\/uploads\/2024\/04\/1888759_539009329550699_1965219870_n.jpg\" alt=\"\" title=\"1888759_539009329550699_1965219870_n\" data-caption=\"1888759_539009329550699_1965219870_n\" data-fancybox=\"gallery-12\" class=\"mk-lightbox  mk-image-lightbox\">\r\n            <svg  class=\"mk-svg-icon\" data-name=\"mk-jupiter-icon-plus-circle\" data-cacheid=\"icon-69e12bd7128e4\" xmlns=\"http:\/\/www.w3.org\/2000\/svg\" viewbox=\"0 0 512 512\"><path d=\"M240 24c115.2 0 209.6 94.4 209.6 209.6s-94.4 209.6-209.6 209.6-209.6-94.4-209.6-209.6 94.4-209.6 209.6-209.6zm0-30.4c-132.8 0-240 107.2-240 240s107.2 240 240 240 240-107.2 240-240-107.2-240-240-240zm80 256h-160c-9.6 0-16-6.4-16-16s6.4-16 16-16h160c9.6 0 16 6.4 16 16s-6.4 16-16 16zm-80 80c-9.6 0-16-6.4-16-16v-160c0-9.6 6.4-16 16-16s16 6.4 16 16v160c0 9.6-6.4 16-16 16z\"\/><\/svg>        <\/a>\r\n\r\n    \r\n\r\n <span class=\"gallery-inner\">\r\n\t<img decoding=\"async\" class=\"mk-gallery-image\" src=\"https:\/\/pal.ca\/wp-content\/uploads\/bfi_thumb\/dummy-transparent-r1u9086kqmbejpzf9jec9oe5573ndzaudms229mw6o.png\"\r\n\t\tdata-mk-image-src-set='{\"default\":\"https:\/\/pal.ca\/wp-content\/uploads\/bfi_thumb\/1888759_539009329550699_1965219870_n-qm632hadrchbwvelz2vtdadl7gkkmiq6is7peuikc0.jpg\",\"2x\":\"https:\/\/pal.ca\/wp-content\/uploads\/bfi_thumb\/1888759_539009329550699_1965219870_n-qm632hal2h7xkwd0gk2u1rfrfhucl20htjqqb9dwio.jpg\",\"mobile\":\"\",\"responsive\":\"true\"}'\t\theight=\"600\"\r\n\t\twidth=\"600\"\r\n\t\ttitle=\"1888759_539009329550699_1965219870_n\"\r\n\t\talt=\"\"  \/>\r\n <\/span>\r\n\r\n\r\n    <\/div>\r\n<\/article>        \r\n\r\n<article class=\"mk-gallery-item js-gallery-item hover-fadebox gallery-mansory-large simple-frame hover-title-false\">\r\n    <div class=\"item-holder\">\r\n        \r\n\r\n\r\n    <div class=\"image-hover-overlay\">\r\n            <\/div>\r\n      \r\n    \r\n        <a href=\"https:\/\/pal.ca\/wp-content\/uploads\/2024\/04\/14715682_1075869295864697_1731156291451412692_o.jpg\" alt=\"\" title=\"14715682_1075869295864697_1731156291451412692_o\" data-caption=\"14715682_1075869295864697_1731156291451412692_o\" data-fancybox=\"gallery-12\" class=\"mk-lightbox  mk-image-lightbox\">\r\n            <svg  class=\"mk-svg-icon\" data-name=\"mk-jupiter-icon-plus-circle\" data-cacheid=\"icon-69e12bd713295\" xmlns=\"http:\/\/www.w3.org\/2000\/svg\" viewbox=\"0 0 512 512\"><path d=\"M240 24c115.2 0 209.6 94.4 209.6 209.6s-94.4 209.6-209.6 209.6-209.6-94.4-209.6-209.6 94.4-209.6 209.6-209.6zm0-30.4c-132.8 0-240 107.2-240 240s107.2 240 240 240 240-107.2 240-240-107.2-240-240-240zm80 256h-160c-9.6 0-16-6.4-16-16s6.4-16 16-16h160c9.6 0 16 6.4 16 16s-6.4 16-16 16zm-80 80c-9.6 0-16-6.4-16-16v-160c0-9.6 6.4-16 16-16s16 6.4 16 16v160c0 9.6-6.4 16-16 16z\"\/><\/svg>        <\/a>\r\n\r\n    \r\n\r\n <span class=\"gallery-inner\">\r\n\t<img decoding=\"async\" class=\"mk-gallery-image\" src=\"https:\/\/pal.ca\/wp-content\/uploads\/bfi_thumb\/dummy-transparent-r1u9086kqmbejpzf9jec9oe5573ndzaudms229mw6o.png\"\r\n\t\tdata-mk-image-src-set='{\"default\":\"https:\/\/pal.ca\/wp-content\/uploads\/bfi_thumb\/14715682_1075869295864697_1731156291451412692_o-qm632ug4f0zcfevhu8klc721iurpma6f8lci4pz1ww.jpg\",\"2x\":\"https:\/\/pal.ca\/wp-content\/uploads\/bfi_thumb\/14715682_1075869295864697_1731156291451412692_o-qm632ugbq5py3ftwbprm0o47qw1hktgqjcvj14ue3k.jpg\",\"mobile\":\"\",\"responsive\":\"true\"}'\t\theight=\"600\"\r\n\t\twidth=\"600\"\r\n\t\ttitle=\"14715682_1075869295864697_1731156291451412692_o\"\r\n\t\talt=\"\"  \/>\r\n <\/span>\r\n\r\n\r\n    <\/div>\r\n<\/article>        \r\n\r\n<article class=\"mk-gallery-item js-gallery-item hover-fadebox gallery-mansory-small simple-frame hover-title-false\">\r\n    <div class=\"item-holder\">\r\n        \r\n\r\n\r\n    <div class=\"image-hover-overlay\">\r\n            <\/div>\r\n      \r\n    \r\n        <a href=\"https:\/\/pal.ca\/wp-content\/uploads\/2024\/04\/35986869_1698100243641596_6238120765405790208_n.jpg\" alt=\"\" title=\"35986869_1698100243641596_6238120765405790208_n\" data-caption=\"35986869_1698100243641596_6238120765405790208_n\" data-fancybox=\"gallery-12\" class=\"mk-lightbox  mk-image-lightbox\">\r\n            <svg  class=\"mk-svg-icon\" data-name=\"mk-jupiter-icon-plus-circle\" data-cacheid=\"icon-69e12bd713b0b\" xmlns=\"http:\/\/www.w3.org\/2000\/svg\" viewbox=\"0 0 512 512\"><path d=\"M240 24c115.2 0 209.6 94.4 209.6 209.6s-94.4 209.6-209.6 209.6-209.6-94.4-209.6-209.6 94.4-209.6 209.6-209.6zm0-30.4c-132.8 0-240 107.2-240 240s107.2 240 240 240 240-107.2 240-240-107.2-240-240-240zm80 256h-160c-9.6 0-16-6.4-16-16s6.4-16 16-16h160c9.6 0 16 6.4 16 16s-6.4 16-16 16zm-80 80c-9.6 0-16-6.4-16-16v-160c0-9.6 6.4-16 16-16s16 6.4 16 16v160c0 9.6-6.4 16-16 16z\"\/><\/svg>        <\/a>\r\n\r\n    \r\n\r\n <span class=\"gallery-inner\">\r\n\t<img decoding=\"async\" class=\"mk-gallery-image\" src=\"https:\/\/pal.ca\/wp-content\/uploads\/bfi_thumb\/dummy-transparent-r1u9086kqmbejpzf9jec9oe5573ndzaudms229mw6o.png\"\r\n\t\tdata-mk-image-src-set='{\"default\":\"https:\/\/pal.ca\/wp-content\/uploads\/bfi_thumb\/35986869_1698100243641596_6238120765405790208_n-qm6345g1wqrojwz87svxsv7384c2b5d031ys4k1d9s.jpg\",\"2x\":\"https:\/\/pal.ca\/wp-content\/uploads\/bfi_thumb\/35986869_1698100243641596_6238120765405790208_n-qm6345g97via7xxmpa2yhc99g5lu9onbdtht0ywpgg.jpg\",\"mobile\":\"\",\"responsive\":\"true\"}'\t\theight=\"600\"\r\n\t\twidth=\"600\"\r\n\t\ttitle=\"35986869_1698100243641596_6238120765405790208_n\"\r\n\t\talt=\"\"  \/>\r\n <\/span>\r\n\r\n\r\n    <\/div>\r\n<\/article>        \r\n\r\n<article class=\"mk-gallery-item js-gallery-item hover-fadebox gallery-mansory-small simple-frame hover-title-false\">\r\n    <div class=\"item-holder\">\r\n        \r\n\r\n\r\n    <div class=\"image-hover-overlay\">\r\n            <\/div>\r\n      \r\n    \r\n        <a href=\"https:\/\/pal.ca\/wp-content\/uploads\/2024\/04\/39135024_1782056481912638_3937855694643920896_n.jpg\" alt=\"\" title=\"39135024_1782056481912638_3937855694643920896_n\" data-caption=\"39135024_1782056481912638_3937855694643920896_n\" data-fancybox=\"gallery-12\" class=\"mk-lightbox  mk-image-lightbox\">\r\n            <svg  class=\"mk-svg-icon\" data-name=\"mk-jupiter-icon-plus-circle\" data-cacheid=\"icon-69e12bd71435e\" xmlns=\"http:\/\/www.w3.org\/2000\/svg\" viewbox=\"0 0 512 512\"><path d=\"M240 24c115.2 0 209.6 94.4 209.6 209.6s-94.4 209.6-209.6 209.6-209.6-94.4-209.6-209.6 94.4-209.6 209.6-209.6zm0-30.4c-132.8 0-240 107.2-240 240s107.2 240 240 240 240-107.2 240-240-107.2-240-240-240zm80 256h-160c-9.6 0-16-6.4-16-16s6.4-16 16-16h160c9.6 0 16 6.4 16 16s-6.4 16-16 16zm-80 80c-9.6 0-16-6.4-16-16v-160c0-9.6 6.4-16 16-16s16 6.4 16 16v160c0 9.6-6.4 16-16 16z\"\/><\/svg>        <\/a>\r\n\r\n    \r\n\r\n <span class=\"gallery-inner\">\r\n\t<img decoding=\"async\" class=\"mk-gallery-image\" src=\"https:\/\/pal.ca\/wp-content\/uploads\/bfi_thumb\/dummy-transparent-r1u9086kqmbejpzf9jec9oe5573ndzaudms229mw6o.png\"\r\n\t\tdata-mk-image-src-set='{\"default\":\"https:\/\/pal.ca\/wp-content\/uploads\/bfi_thumb\/39135024_1782056481912638_3937855694643920896_n-qm634gq46r74f8iudxrgmscmcqsgvils4lslvvkn74.jpg\",\"2x\":\"https:\/\/pal.ca\/wp-content\/uploads\/bfi_thumb\/39135024_1782056481912638_3937855694643920896_n-qm634gqbhvxq39h8veyhb9esks28u1w3fdbmsafzds.jpg\",\"mobile\":\"\",\"responsive\":\"true\"}'\t\theight=\"600\"\r\n\t\twidth=\"600\"\r\n\t\ttitle=\"39135024_1782056481912638_3937855694643920896_n\"\r\n\t\talt=\"\"  \/>\r\n <\/span>\r\n\r\n\r\n    <\/div>\r\n<\/article>        \r\n\r\n<article class=\"mk-gallery-item js-gallery-item hover-fadebox gallery-mansory-small simple-frame hover-title-false\">\r\n    <div class=\"item-holder\">\r\n        \r\n\r\n\r\n    <div class=\"image-hover-overlay\">\r\n            <\/div>\r\n      \r\n    \r\n        <a href=\"https:\/\/pal.ca\/wp-content\/uploads\/2024\/04\/52508166_2098099403641676_6516545744105635840_n.jpg\" alt=\"\" title=\"52508166_2098099403641676_6516545744105635840_n\" data-caption=\"52508166_2098099403641676_6516545744105635840_n\" data-fancybox=\"gallery-12\" class=\"mk-lightbox  mk-image-lightbox\">\r\n            <svg  class=\"mk-svg-icon\" data-name=\"mk-jupiter-icon-plus-circle\" data-cacheid=\"icon-69e12bd714ba1\" xmlns=\"http:\/\/www.w3.org\/2000\/svg\" viewbox=\"0 0 512 512\"><path d=\"M240 24c115.2 0 209.6 94.4 209.6 209.6s-94.4 209.6-209.6 209.6-209.6-94.4-209.6-209.6 94.4-209.6 209.6-209.6zm0-30.4c-132.8 0-240 107.2-240 240s107.2 240 240 240 240-107.2 240-240-107.2-240-240-240zm80 256h-160c-9.6 0-16-6.4-16-16s6.4-16 16-16h160c9.6 0 16 6.4 16 16s-6.4 16-16 16zm-80 80c-9.6 0-16-6.4-16-16v-160c0-9.6 6.4-16 16-16s16 6.4 16 16v160c0 9.6-6.4 16-16 16z\"\/><\/svg>        <\/a>\r\n\r\n    \r\n\r\n <span class=\"gallery-inner\">\r\n\t<img decoding=\"async\" class=\"mk-gallery-image\" src=\"https:\/\/pal.ca\/wp-content\/uploads\/bfi_thumb\/dummy-transparent-r1u9086kqmbejpzf9jec9oe5573ndzaudms229mw6o.png\"\r\n\t\tdata-mk-image-src-set='{\"default\":\"https:\/\/pal.ca\/wp-content\/uploads\/bfi_thumb\/52508166_2098099403641676_6516545744105635840_n-qm634tvuufp4xrzq93g8lp12o4zlva20uexelr14s0.jpg\",\"2x\":\"https:\/\/pal.ca\/wp-content\/uploads\/bfi_thumb\/52508166_2098099403641676_6516545744105635840_n-qm634tw25kfqlsy4qkn9a638w69dttcc56gfi5wgyo.jpg\",\"mobile\":\"\",\"responsive\":\"true\"}'\t\theight=\"600\"\r\n\t\twidth=\"600\"\r\n\t\ttitle=\"52508166_2098099403641676_6516545744105635840_n\"\r\n\t\talt=\"\"  \/>\r\n <\/span>\r\n\r\n\r\n    <\/div>\r\n<\/article><div class=\"clearboth\"><\/div>\r\n<\/section>\r\n\r\n<input type=\"hidden\" id=\"safe_load_more\" name=\"safe_load_more\" value=\"89a3ce6c3b\" \/><input type=\"hidden\" name=\"_wp_http_referer\" value=\"\/en\/wp-json\/wp\/v2\/pages\/294\" \/>\r\n<\/div>\r\n\r\n<div class=\"vc_col-sm-12 wpb_column column_container  jupiter-donut- _ jupiter-donut-height-full\">\r\n\t<div class=\"templatera_shortcode\"><style type=\"text\/css\" data-type=\"vc_shortcodes-custom-css\">.vc_custom_1524076452749{margin-bottom: 0px !important;}<\/style>\r\n<div class=\"mk-page-section-wrapper\" data-mk-full-width=\"true\" data-mk-full-width-init=\"true\" data-mk-stretch-content=\"true\">\r\n\t<div id=\"page-section-14\" class=\"mk-page-section self-hosted   full_layout full-width-14 js-el js-master-row jupiter-donut-   cta_demande_de_devis center-y\"    data-intro-effect=\"false\">\r\n\r\n\t\t\t\r\n\t\t\t<div class=\"mk-page-section-inner\">\r\n\t\t\t\t\r\n\r\n\r\n<div class=\"mk-video-color-mask\"><\/div>\r\n\r\n\t\t\t\t\r\n\t\t\t\t\r\n\t\r\n\t<div class=\"background-layer-holder\">\r\n\t\t<div id=\"background-layer--14\" data-mk-lazyload=\"false\" class=\"background-layer mk-background-stretch none-blend-effect js-el\"    data-mk-img-set='{\"landscape\":{\"desktop\":\"https:\/\/pal.ca\/wp-content\/uploads\/2018\/03\/cta_demande_de_devis.jpg\",\"tablet\":\"https:\/\/pal.ca\/wp-content\/uploads\/2018\/03\/cta_demande_de_devis-1024x768.jpg\",\"mobile\":\"https:\/\/pal.ca\/wp-content\/uploads\/2018\/03\/cta_demande_de_devis-736x414.jpg\"},\"responsive\":\"true\"}' >\r\n\t\t\t\t\t\t\t\t\t<div class=\"mk-color-layer\"><\/div>\r\n\t\t<\/div>\r\n\t<\/div>\r\n\r\n\t\t\t<\/div>\r\n\r\n\t\t\t\r\n        <div class=\"page-section-content vc_row-fluid mk-grid\" >\r\n            <div class=\"mk-padding-wrapper wpb_row\">\r\n<div class=\"vc_col-sm-12 wpb_column column_container  jupiter-donut- _ jupiter-donut-height-full\">\r\n\t\t<div class=\"vc_custom_1524076452749\">\r\n\r\n<div id=\"text-block-16\" class=\"mk-text-block  jupiter-donut-\">\r\n\r\n\t\r\n\t<p>Request a quote<br \/>\n<strong>starting now<\/strong><\/p>\n\r\n\t<div class=\"clearboth\"><\/div>\r\n<\/div>\r\n\r\n\t<\/div>\r\n\r\n<div id=\"mk-button-17\" class=\"mk-button-container _ jupiter-donut-relative    jupiter-donut-block jupiter-donut-text-center\">\r\n\r\n\t\r\n\t\t<a href=\"\/en\/demande-de-devis\/\" target=\"_self\" class=\"mk-button js-smooth-scroll mk-button--dimension-outline mk-button--size-medium mk-button--corner-pointed _ jupiter-donut-relative jupiter-donut-text-center jupiter-donut-font-weight-700 jupiter-donut-no-backface  letter-spacing-1 jupiter-donut-inline-block\"><span class=\"mk-button--text\">VIEW FORMS<\/span><\/a>\r\n\r\n\t\r\n<\/div>\r\n<\/div>\r\n<\/div>\r\n            <div class=\"clearboth\"><\/div>\r\n        <\/div>\r\n\r\n\r\n\t\t\t\r\n\t\t\t\r\n\t\t\t\r\n\t\t<div class=\"clearboth\"><\/div>\r\n\t<\/div>\r\n<\/div>\r\n<div class=\"vc_row-full-width vc_clearfix\"><\/div>\r\n\r\n<\/div><\/div>\r\n\t<\/div>\r\n\n<\/div>","protected":false},"excerpt":{"rendered":"","protected":false},"author":1,"featured_media":0,"parent":0,"menu_order":0,"comment_status":"closed","ping_status":"closed","template":"","meta":{"_acf_changed":false,"footnotes":""},"class_list":["post-294","page","type-page","status-publish","hentry"],"acf":[],"yoast_head":"<!-- This site is optimized with the Yoast SEO Premium plugin v20.7 (Yoast SEO v27.1.1) - https:\/\/yoast.com\/product\/yoast-seo-premium-wordpress\/ -->\n<title>Entrepreneur - Pilon Lt\u00e9e<\/title>\n<meta name=\"robots\" content=\"index, follow, max-snippet:-1, max-image-preview:large, max-video-preview:-1\" \/>\n<link rel=\"canonical\" href=\"https:\/\/pal.ca\/en\/entrepreneur\/\" \/>\n<meta property=\"og:locale\" content=\"en_US\" \/>\n<meta property=\"og:type\" content=\"article\" \/>\n<meta property=\"og:title\" content=\"Entrepreneur\" \/>\n<meta property=\"og:url\" content=\"https:\/\/pal.ca\/en\/entrepreneur\/\" \/>\n<meta property=\"og:site_name\" content=\"Pilon Lt\u00e9e\" \/>\n<meta property=\"article:modified_time\" content=\"2024-04-03T14:07:10+00:00\" \/>\n<meta name=\"twitter:card\" content=\"summary_large_image\" \/>\n<meta name=\"twitter:label1\" content=\"Est. reading time\" \/>\n\t<meta name=\"twitter:data1\" content=\"2 minutes\" \/>\n<script type=\"application\/ld+json\" class=\"yoast-schema-graph\">{\"@context\":\"https:\/\/schema.org\",\"@graph\":[{\"@type\":\"WebPage\",\"@id\":\"https:\/\/pal.ca\/entrepreneur\/\",\"url\":\"https:\/\/pal.ca\/entrepreneur\/\",\"name\":\"Entrepreneur - Pilon Lt\u00e9e\",\"isPartOf\":{\"@id\":\"https:\/\/pal.ca\/#website\"},\"datePublished\":\"2018-03-23T16:33:26+00:00\",\"dateModified\":\"2024-04-03T14:07:10+00:00\",\"breadcrumb\":{\"@id\":\"https:\/\/pal.ca\/entrepreneur\/#breadcrumb\"},\"inLanguage\":\"en-CA\",\"potentialAction\":[{\"@type\":\"ReadAction\",\"target\":[\"https:\/\/pal.ca\/entrepreneur\/\"]}]},{\"@type\":\"BreadcrumbList\",\"@id\":\"https:\/\/pal.ca\/entrepreneur\/#breadcrumb\",\"itemListElement\":[{\"@type\":\"ListItem\",\"position\":1,\"name\":\"Home\",\"item\":\"https:\/\/pal.ca\/\"},{\"@type\":\"ListItem\",\"position\":2,\"name\":\"Entrepreneur\"}]},{\"@type\":\"WebSite\",\"@id\":\"https:\/\/pal.ca\/#website\",\"url\":\"https:\/\/pal.ca\/\",\"name\":\"Pilon Lt\u00e9e\",\"description\":\"Mat\u00e9riaux de construction et quincaillerie \u00e0 Gatineau\",\"potentialAction\":[{\"@type\":\"SearchAction\",\"target\":{\"@type\":\"EntryPoint\",\"urlTemplate\":\"https:\/\/pal.ca\/?s={search_term_string}\"},\"query-input\":{\"@type\":\"PropertyValueSpecification\",\"valueRequired\":true,\"valueName\":\"search_term_string\"}}],\"inLanguage\":\"en-CA\"}]}<\/script>\n<!-- \/ Yoast SEO Premium plugin. -->","yoast_head_json":{"title":"Entrepreneur - Pilon Lt\u00e9e","robots":{"index":"index","follow":"follow","max-snippet":"max-snippet:-1","max-image-preview":"max-image-preview:large","max-video-preview":"max-video-preview:-1"},"canonical":"https:\/\/pal.ca\/en\/entrepreneur\/","og_locale":"en_US","og_type":"article","og_title":"Entrepreneur","og_url":"https:\/\/pal.ca\/en\/entrepreneur\/","og_site_name":"Pilon Lt\u00e9e","article_modified_time":"2024-04-03T14:07:10+00:00","twitter_card":"summary_large_image","twitter_misc":{"Est. reading time":"2 minutes"},"schema":{"@context":"https:\/\/schema.org","@graph":[{"@type":"WebPage","@id":"https:\/\/pal.ca\/entrepreneur\/","url":"https:\/\/pal.ca\/entrepreneur\/","name":"Entrepreneur - Pilon Lt\u00e9e","isPartOf":{"@id":"https:\/\/pal.ca\/#website"},"datePublished":"2018-03-23T16:33:26+00:00","dateModified":"2024-04-03T14:07:10+00:00","breadcrumb":{"@id":"https:\/\/pal.ca\/entrepreneur\/#breadcrumb"},"inLanguage":"en-CA","potentialAction":[{"@type":"ReadAction","target":["https:\/\/pal.ca\/entrepreneur\/"]}]},{"@type":"BreadcrumbList","@id":"https:\/\/pal.ca\/entrepreneur\/#breadcrumb","itemListElement":[{"@type":"ListItem","position":1,"name":"Home","item":"https:\/\/pal.ca\/"},{"@type":"ListItem","position":2,"name":"Entrepreneur"}]},{"@type":"WebSite","@id":"https:\/\/pal.ca\/#website","url":"https:\/\/pal.ca\/","name":"Pilon Lt\u00e9e","description":"Mat\u00e9riaux de construction et quincaillerie \u00e0 Gatineau","potentialAction":[{"@type":"SearchAction","target":{"@type":"EntryPoint","urlTemplate":"https:\/\/pal.ca\/?s={search_term_string}"},"query-input":{"@type":"PropertyValueSpecification","valueRequired":true,"valueName":"search_term_string"}}],"inLanguage":"en-CA"}]}},"_links":{"self":[{"href":"https:\/\/pal.ca\/en\/wp-json\/wp\/v2\/pages\/294","targetHints":{"allow":["GET"]}}],"collection":[{"href":"https:\/\/pal.ca\/en\/wp-json\/wp\/v2\/pages"}],"about":[{"href":"https:\/\/pal.ca\/en\/wp-json\/wp\/v2\/types\/page"}],"author":[{"embeddable":true,"href":"https:\/\/pal.ca\/en\/wp-json\/wp\/v2\/users\/1"}],"replies":[{"embeddable":true,"href":"https:\/\/pal.ca\/en\/wp-json\/wp\/v2\/comments?post=294"}],"version-history":[{"count":18,"href":"https:\/\/pal.ca\/en\/wp-json\/wp\/v2\/pages\/294\/revisions"}],"predecessor-version":[{"id":715,"href":"https:\/\/pal.ca\/en\/wp-json\/wp\/v2\/pages\/294\/revisions\/715"}],"wp:attachment":[{"href":"https:\/\/pal.ca\/en\/wp-json\/wp\/v2\/media?parent=294"}],"curies":[{"name":"wp","href":"https:\/\/api.w.org\/{rel}","templated":true}]}}